{"id":14,"date":"2014-10-12T10:45:47","date_gmt":"2014-10-12T09:45:47","guid":{"rendered":"http:\/\/www.coopzeck.nl\/?page_id=14"},"modified":"2017-02-04T13:09:57","modified_gmt":"2017-02-04T12:09:57","slug":"home","status":"publish","type":"page","link":"https:\/\/www.coopzeck.nl\/","title":{"rendered":"Home"},"content":{"rendered":"<div class=\"item-page\">\n<h1><span style=\"color: #1e73be;\">Zonne-EnergieCentrale Keltenwoud (ZECK)<\/span><\/h1>\n<h3>Bennekom heeft elektriciteitscentrale die op zonnekracht werkt!<\/h3>\n<p>Samen met Stichting Beheer Nieuw Keltenwoud heeft\u00a0de co\u00f6peratie Zonne-energieCentrale Keltenwoud (ZECK) een plan uitgewerkt om een installatie van 720 zonnepanelen te gaan exploiteren. De installatie, bestaande uit 720 zonnepanelen, is geplaatst op het zuidelijk dak van de tennishal van tennisvereniging Keltenwoud in Bennekom (naast openluchtzwembad De Vrije Slag).<\/p>\n<p>Op 17 juli 2014\u00a0is de co\u00f6peratie Zonne-energiecentrale Keltenwoud (ZECK) notarieel opgericht. Deze co\u00f6peratie is in het leven geroepen om de zonne-energie centrale te realiseren en te exploiteren. De co\u00f6peratie heeft 60 leden.<\/p>\n<p>Na een voorbereiding van enkele jaren en het nemen van diverse hindernissen\u00a0 is op 7 november 2015 onze zonne-energiecentrale in gebruik genomen!<\/p>\n<p>De realisatie is naast de inleg van onze leden te danken aan een royale\u00a0bijdrage van 25% in de investeringskosten door de <a href=\"https:\/\/www.gelderland.nl\/Lokale-hernieuwbare-energieprojecten\">Provincie Gelderland<\/a>. De exploitatie wordt mede rendabel gemaakt met dank aan de <a href=\"http:\/\/www.rvo.nl\/subsidies-regelingen\/stimulering-duurzame-energieproductie-sde\">SDE+ <\/a>subsidieregeling.<\/p>\n<\/div>\n<div class=\"item-page\">\n<div>\n<p>Meer informatie vind u in de <a href=\"https:\/\/www.coopzeck.nl\/?page_id=37\">informatiebulletins<\/a>, <a href=\"https:\/\/www.coopzeck.nl\/?page_id=33\">veelgestelde vragen<\/a> en <a href=\"https:\/\/www.coopzeck.nl\/?page_id=120\">documenten<\/a>.<\/p>\n<\/div>\n<p><iframe loading=\"lazy\" src=\"https:\/\/www.youtube.com\/embed\/PafBFY8ExNc\" width=\"592\" height=\"333\" frameborder=\"0\" allowfullscreen=\"allowfullscreen\"><\/iframe><\/p>\n<\/div>\n","protected":false},"excerpt":{"rendered":"<p>Zonne-EnergieCentrale Keltenwoud (ZECK) Bennekom heeft elektriciteitscentrale die op zonnekracht werkt! Samen met Stichting Beheer Nieuw Keltenwoud heeft\u00a0de co\u00f6peratie Zonne-energieCentrale Keltenwoud (ZECK) een plan uitgewerkt om een installatie van 720 zonnepanelen te gaan exploiteren. De installatie, bestaande uit 720 zonnepanelen, is geplaatst op het zuidelijk dak van de tennishal van tennisvereniging Keltenwoud in Bennekom (naast openluchtzwembad [&hellip;]<\/p>\n","protected":false},"author":1,"featured_media":0,"parent":0,"menu_order":1,"comment_status":"closed","ping_status":"open","template":"","meta":{"footnotes":""},"class_list":["post-14","page","type-page","status-publish","hentry"],"_links":{"self":[{"href":"https:\/\/www.coopzeck.nl\/index.php?rest_route=\/wp\/v2\/pages\/14","targetHints":{"allow":["GET"]}}],"collection":[{"href":"https:\/\/www.coopzeck.nl\/index.php?rest_route=\/wp\/v2\/pages"}],"about":[{"href":"https:\/\/www.coopzeck.nl\/index.php?rest_route=\/wp\/v2\/types\/page"}],"author":[{"embeddable":true,"href":"https:\/\/www.coopzeck.nl\/index.php?rest_route=\/wp\/v2\/users\/1"}],"replies":[{"embeddable":true,"href":"https:\/\/www.coopzeck.nl\/index.php?rest_route=%2Fwp%2Fv2%2Fcomments&post=14"}],"version-history":[{"count":62,"href":"https:\/\/www.coopzeck.nl\/index.php?rest_route=\/wp\/v2\/pages\/14\/revisions"}],"predecessor-version":[{"id":446,"href":"https:\/\/www.coopzeck.nl\/index.php?rest_route=\/wp\/v2\/pages\/14\/revisions\/446"}],"wp:attachment":[{"href":"https:\/\/www.coopzeck.nl\/index.php?rest_route=%2Fwp%2Fv2%2Fmedia&parent=14"}],"curies":[{"name":"wp","href":"https:\/\/api.w.org\/{rel}","templated":true}]}}